{"id":66,"date":"2021-04-04T21:19:52","date_gmt":"2021-04-04T19:19:52","guid":{"rendered":"https:\/\/guideribambelle.com\/?page_id=66"},"modified":"2025-03-09T23:16:27","modified_gmt":"2025-03-09T22:16:27","slug":"arrivee-a-sofia","status":"publish","type":"page","link":"https:\/\/guideribambelle.com\/fr\/arrivee-a-sofia","title":{"rendered":"Arrivee a Sofia"},"content":{"rendered":"<h1><b>A l&rsquo;a\u00e9roport de Sofia : Bienvenue ! Et maintenant ?<\/b><\/h1>\n<h2>A l&rsquo;arriv\u00e9e \u00e0 Sofia, le voyage n&rsquo;est pas encore termin\u00e9. Plusieurs possibilit\u00e9s existent pour atteindre sa destination finale<\/h2>\n<h3><\/h3>\n<h3>Tu viens d&rsquo;arriver \u00e0 l\u2019a\u00e9roport de Sofia. Bienvenue en Bulgarie !<\/h3>\n<p>Que tu atterisses au Terminal 1 (T1) ou Terminal 2 (T2), l&rsquo;espace est minuscule compar\u00e9e \u00e0 CDG ou Orly. Donc aucun risque de t&rsquo;y perdre !<\/p>\n<p>Voyons ton itin\u00e9raire. Une fois sorti de l\u2019avion, tu passes vite-fait \u00e0 travers le couloir qui conduit au contr\u00f4le des Passeports &#8211; c&rsquo;est d\u00e9j\u00e0 fini pour certains car on est entr\u00e9 en d\u00e9but de 2025 dans l&rsquo;espace Schengen ! Cependant, si un contr\u00f4le t&rsquo;arrive lors de l\u2019entr\u00e9e au pays tu dois pr\u00e9senter soit ta carte d&rsquo;identit\u00e9 soit ton passeport. Mais ettention : si tu as la double nationalit\u00e9 (dont une Bulgare) il faut pr\u00e9senter \u00e0 l\u2019agent de police ton pi\u00e8ce d\u2019identit\u00e9 bulgare : c\u2019en est partout la r\u00e8gle !<\/p>\n<p>Tu r\u00e9cup\u00e8res tes valises (le mari\/la femme\/les enfants et les animaux domestiques c\u2019est optionnel mais toujours fort recommand\u00e9 !) et te voil\u00e0 \u00e0 la sortie.<\/p>\n<h4><b>Quelles sont tes options ?<\/b><\/h4>\n<p><!--more--><\/p>\n<h4><b>Le Coin Info<\/b><\/h4>\n<p>Un petit guichet est situ\u00e9 au T2 o\u00f9 tu peux trouver un guide gratuit (en ta langue avec un peu de chance) et surtout avec un plan de la ville avec les marques pour les monuments (\u00e7a peut \u00eatre int\u00e9ressant et utile pour le d\u00e9but de ton s\u00e9jour).<\/p>\n<h4><b>Argent<\/b><\/h4>\n<p>Un guichet \u201cChange\u201d peut t\u2019\u00eatre utile pour faire \u00e9changer les Euros (ou toute autre devise) en Leva Bulgares, la valute locale (BGN). Pas encore l&rsquo;Euro en Bulgarie mais tr\u00e8s prochainement, c&rsquo;est promis !<\/p>\n<h4><b>Transports <\/b><\/h4>\n<p>Depuis le T1 ou T2, tu as plusieurs possibilit\u00e9s pour te rendre au centre-ville de la capitale ou pour atteindre ta destination.<\/p>\n<h5><b>T1<\/b><\/h5>\n<ol>\n<li aria-level=\"1\">les <a href=\"https:\/\/guideribambelle.com\/transports-a-sofia\"><b>transports publiques<\/b><\/a> sont une bonne solution : prends un bus qui t\u2019am\u00e8ne directement en ville : les lignes 84 et 184 (qui d\u2019ailleurs desservent aussi le T2)<\/li>\n<li aria-level=\"1\">plus commode <b><a href=\"https:\/\/guideribambelle.com\/les-taxis-a-sofia\">OK taxi<\/a>\/Yellow Taxi <\/b>: deux entreprises locales certifi\u00e9es pour faire le service depuis l\u2019a\u00e9roport. Si tu n\u2019as pas un contact direct avec un chauffeur, je te conseille de choisir cette option. Sinon il existe toujours le risque de te faire arnaquer par un taxi fant\u00f4me. Au T1 il y a un <strong>guichet d\u00e9di\u00e9<\/strong> au service des taxis. Tu y demandes une voiture et l\u2019agent t\u2019attribue un num\u00e9ro de service qui t\u2019attend au parking. Au T2 tu prends la sortie \u00e0 droit et la c&rsquo;est la station taxi avec un g\u00e9rant qui t&rsquo;indique la voiture \u00e0 prendre. A titre d\u2019info : de l\u2019a\u00e9roport jusqu\u2019au centre-ville, le co\u00fbt est ca. 20 BGN (prix par km environ 1.20 BGN h\u00e9las les prix ont augment\u00e9).<\/li>\n<li aria-level=\"1\">la <a href=\"https:\/\/guideribambelle.com\/les-taxis-a-sofia\"><strong>location <\/strong><b>de voiture<\/b><\/a> : des guichets sont disponibles pr\u00e8s dela sorie \u00ab\u00a0Arriv\u00e9es\u00a0\u00bb dans les deux terminaux.<\/li>\n<\/ol>\n<p><b>Astuce<\/b> : depuis le <b>T1<\/b> tu peux te rendre au <b>T2<\/b> avec une <strong>navette avec des horaires pr\u00e9cises<\/strong>.<\/p>\n<p>&nbsp;<\/p>\n<h5><b>T2<\/b><\/h5>\n<ol>\n<li aria-level=\"1\">La station du <b>M\u00e9tro<\/b>, le plus jeune transport public \u00e0 Sofia t&rsquo;y attends ! Suis la ligne bleue au sol du Terminal pour prendre la <b>ligne M4<\/b> (axe est-ouest) qui dessert le centre-ville (les stations <i>Vasil Levski Stadium<\/i>, <i>SU Sveti Kliment Ohridski<\/i> ou <i>Serdica<\/i> et m\u00eame <i>Opalchenska<\/i>). Selon la destination, tu peux faire le transfert sur la <b>M2<\/b> (axe nord-sud) ou la <b>M3<\/b> (axe nord est-sud ouest).\n<p><figure id=\"attachment_226\" aria-describedby=\"caption-attachment-226\" style=\"width: 300px\" class=\"wp-caption alignright\"><img decoding=\"async\" class=\"wp-image-226 size-medium\" style=\"font-weight: inherit;\" src=\"https:\/\/guideribambelle.com\/wp-content\/uploads\/2021\/05\/sofia-metro-lines-2021-april-300x230.png\" alt=\"Sofia_Metro_Map_2021\" width=\"300\" height=\"230\" srcset=\"https:\/\/guideribambelle.com\/wp-content\/uploads\/2021\/05\/sofia-metro-lines-2021-april-300x230.png 300w, https:\/\/guideribambelle.com\/wp-content\/uploads\/2021\/05\/sofia-metro-lines-2021-april-1024x785.png 1024w, https:\/\/guideribambelle.com\/wp-content\/uploads\/2021\/05\/sofia-metro-lines-2021-april-768x589.png 768w, https:\/\/guideribambelle.com\/wp-content\/uploads\/2021\/05\/sofia-metro-lines-2021-april-16x12.png 16w, https:\/\/guideribambelle.com\/wp-content\/uploads\/2021\/05\/sofia-metro-lines-2021-april.png 1229w\" sizes=\"(max-width: 300px) 100vw, 300px\" \/><figcaption id=\"caption-attachment-226\" class=\"wp-caption-text\">Plan des lignes du m\u00e9tro<\/figcaption><\/figure><\/li>\n<li aria-level=\"1\">depuis ce terminal, tu peux toujours utiliser les <b>bus<\/b> : un transport public que je pr\u00e9f\u00e8re puisqu\u2019il te fait un parcours visuel dans la ville. Ainsi, tu peux voir un peu les quartiers sofiotes, int\u00e9ressants \u00e0 parcourir si tu n\u2019as jamais visit\u00e9 un pays de l\u2019Europe de l\u2019Est et qui tu veilles d\u00e9couvrir : Les lignes 84 et 184, ainsi que la ligne 384 qui fait le lien avec les quartiers proches de l\u2019a\u00e9roport Drouzhba.<\/li>\n<li aria-level=\"1\">une station <b>Taxi<\/b> est dispos\u00e9e \u00e0 l\u2019une des sorties du Terminal 2 qui aussi te facilite la t\u00e2che du d\u00e9placement. Le guichet y est aussi si tu veux \u00eatre s\u00fbr de ton chauffeur. Toujours fais attention aux arnaqueurs et ne choisis que <a href=\"https:\/\/guideribambelle.com\/les-taxis-a-sofia\"><b>les conducteurs taxi certifi\u00e9es !<\/b><\/a><\/li>\n<li aria-level=\"1\">enfin la <b>location de voitures<\/b>, tu trouves les guichets juste en face de la sortie de l\u2019espace d\u00e9di\u00e9 aux arrivants.<\/li>\n<\/ol>\n<p>&nbsp;<\/p>\n<p><b>Astuce <\/b>: pour acheter un ticket bus ou m\u00e9tro, il y des bornes automatiques ou des guichets (n&rsquo;oublie pas de prendre les pi\u00e8ces bulgares (BGN) ou payer en CB). Si tu as la flemme de faire tout \u00e7a, tu peux totalement utiliser la CB pour monter \u00e0 bord.<\/p>\n<h6><\/h6>\n<h6>Les Titres de transport<\/h6>\n<p>Fini les billets papier et bonjour \u00e0 la vie \u00e9cologique ! Depuis peu \u00e0 Sofia, on a install\u00e9 le syst\u00e8me de paiement par carte bancaire et les tickets virtuels \u00e0 charger sur une carte plastique. Mais avant \u00e7a tu as plusieurs possibilit\u00e9s pour avoir un titre de transport.<\/p>\n<p>Avec l\u2019<b>app<\/b> <a href=\"https:\/\/tickey.me\/sofia\/\" target=\"_blank\" rel=\"noopener\"><strong>TICKEY<\/strong><\/a> tu peu acheter les tickets pour les 3 lignes de bus depuis l\u2019a\u00e9roport (84, 184 et 384) et une s\u00e9lection de stations du m\u00e9tro. Attention : la liste est exhaustive !<\/p>\n<p>Pour acheter un<strong> ticket virtuel<\/strong> tu peux utiliser le site <a href=\"https:\/\/sofia.mpass.bg\/en\/\"><b>MPASS Sofia<\/b><\/a>. Le b\u00e9mol, tu dois cr\u00e9er ton profil afin d&rsquo;acheter ton pass. Trois options : ticket \u00e0 usage unique (bus\/m\u00e9tro) ou pass partout journalier) ! Au-revoir les tickets papier et bonjour la vie \u00e9cologique !<\/p>\n<p><strong>Le plus simple : ta carte bancaire<\/strong>. En fait, si tu fais plusieurs voyages en ville, en m\u00e9tro, bus ou tramway, et tu ne badges qu&rsquo;avec une seule carte bancaire, ton pr\u00e9l\u00e8vement se fait le jour d&rsquo;apr\u00e8s et tu n&rsquo;es d\u00e9bit\u00e9 que de&#8230; 4 BGN qui est le co\u00fbt d&rsquo;un titre journalier.<\/p>\n<p>A titre d&rsquo;info : le prix du ticket \u00e0 usage unique co\u00fbte 1.60 BGN et un pass journalier est \u00e0 4.00 BGN.<\/p>\n<p><b>Fais attention \u00e0 la validit\u00e9 de ton titre de transport !<\/b><\/p>\n<p>Tr\u00e8s important : les <b>tickets m\u00e9tro<\/b> ne sont valables <b>que dans le m\u00e9tro<\/b> et pareil pour les transports sur terre ! Les <b>tickets non m\u00e9tro<\/b> sont valables pour tous les transports publics \u00e0 Sofia (bus, tramway, trolleybus) mais il faut les <b>valider \u00e0 la mont\u00e9e.<\/b> Sinon tu risques de te prendre une amende \u00e0 la hauteur de 40 BGN (un peu trop sal\u00e9 et les contr\u00f4leurs ne sont pas tr\u00e8s compr\u00e9hensifs quelle que soit ta situation) !<\/p>\n<p>&nbsp;<\/p>\n<figure id=\"attachment_322\" aria-describedby=\"caption-attachment-322\" style=\"width: 130px\" class=\"wp-caption alignleft\"><img decoding=\"async\" class=\"wp-image-322\" src=\"https:\/\/guideribambelle.com\/wp-content\/uploads\/2021\/04\/tickets_transports_sofia_guideribambelle-300x213.jpg\" alt=\"tickets_transports_guideribambelle\" width=\"130\" height=\"92\" srcset=\"https:\/\/guideribambelle.com\/wp-content\/uploads\/2021\/04\/tickets_transports_sofia_guideribambelle-300x213.jpg 300w, https:\/\/guideribambelle.com\/wp-content\/uploads\/2021\/04\/tickets_transports_sofia_guideribambelle-1024x728.jpg 1024w, https:\/\/guideribambelle.com\/wp-content\/uploads\/2021\/04\/tickets_transports_sofia_guideribambelle-768x546.jpg 768w, https:\/\/guideribambelle.com\/wp-content\/uploads\/2021\/04\/tickets_transports_sofia_guideribambelle-1536x1093.jpg 1536w, https:\/\/guideribambelle.com\/wp-content\/uploads\/2021\/04\/tickets_transports_sofia_guideribambelle-2048x1457.jpg 2048w, https:\/\/guideribambelle.com\/wp-content\/uploads\/2021\/04\/tickets_transports_sofia_guideribambelle-16x12.jpg 16w\" sizes=\"(max-width: 130px) 100vw, 130px\" \/><figcaption id=\"caption-attachment-322\" class=\"wp-caption-text\">Titres de transport en papier<\/figcaption><\/figure>\n<p>Une vue sur le pass\u00e9 : il y a seulement cinq ans on avait des billets en papier et les <strong>perforateurs<\/strong> install\u00e9s \u00e0 l\u2019int\u00e9rieur des bus en haut entre 2 fen\u00eatres : elle \u00e9tait marrante la petite machine !<\/p>\n","protected":false},"excerpt":{"rendered":"<p>A l&rsquo;a\u00e9roport de Sofia : Bienvenue ! Et maintenant ? A l&rsquo;arriv\u00e9e \u00e0 Sofia, le voyage n&rsquo;est pas encore termin\u00e9. Plusieurs possibilit\u00e9s existent pour atteindre sa destination finale Tu viens d&rsquo;arriver \u00e0 l\u2019a\u00e9roport de Sofia. Bienvenue en Bulgarie ! Que tu atterisses au Terminal 1 (T1) ou Terminal 2 (T2), l&rsquo;espace est minuscule compar\u00e9e \u00e0 &hellip;<\/p>\n<p class=\"read-more\"> <a class=\"\" href=\"https:\/\/guideribambelle.com\/fr\/arrivee-a-sofia\"> <span class=\"screen-reader-text\">Arrivee a Sofia<\/span> Lire la suite\u00a0\u00bb<\/a><\/p>\n","protected":false},"author":1,"featured_media":0,"parent":0,"menu_order":0,"comment_status":"closed","ping_status":"closed","template":"","meta":{"_uag_custom_page_level_css":"","site-sidebar-layout":"default","site-content-layout":"default","ast-global-header-display":"","ast-main-header-display":"","ast-hfb-above-header-display":"","ast-hfb-below-header-display":"","ast-hfb-mobile-header-display":"","site-post-title":"","ast-breadcrumbs-content":"","ast-featured-img":"","footer-sml-layout":"","theme-transparent-header-meta":"default","adv-header-id-meta":"","stick-header-meta":"","header-above-stick-meta":"","header-main-stick-meta":"","header-below-stick-meta":"","footnotes":""},"class_list":["post-66","page","type-page","status-publish","hentry"],"yoast_head":"<!-- This site is optimized with the Yoast SEO plugin v20.1 - https:\/\/yoast.com\/wordpress\/plugins\/seo\/ -->\n<title>Arrivee a Sofia - GuideRibambelle<\/title>\n<meta name=\"description\" content=\"A l&#039;arriv\u00e9e \u00e0 Sofia, le voyage n&#039;est pas encore termin\u00e9. Plusieurs possibilit\u00e9s existent pour atteindre la destination finale\" \/>\n<meta name=\"robots\" content=\"index, follow, max-snippet:-1, max-image-preview:large, max-video-preview:-1\" \/>\n<link rel=\"canonical\" href=\"https:\/\/guideribambelle.com\/fr\/arrivee-a-sofia\/\" \/>\n<meta property=\"og:locale\" content=\"fr_FR\" \/>\n<meta property=\"og:type\" content=\"article\" \/>\n<meta property=\"og:title\" content=\"Arrivee a Sofia - GuideRibambelle\" \/>\n<meta property=\"og:description\" content=\"A l&#039;arriv\u00e9e \u00e0 Sofia, le voyage n&#039;est pas encore termin\u00e9. Plusieurs possibilit\u00e9s existent pour atteindre la destination finale\" \/>\n<meta property=\"og:url\" content=\"https:\/\/guideribambelle.com\/fr\/arrivee-a-sofia\/\" \/>\n<meta property=\"og:site_name\" content=\"GuideRibambelle\" \/>\n<meta property=\"article:modified_time\" content=\"2025-03-09T22:16:27+00:00\" \/>\n<meta property=\"og:image\" content=\"https:\/\/guideribambelle.com\/wp-content\/uploads\/2021\/05\/sofia-metro-lines-2021-april-300x230.png\" \/>\n<meta name=\"twitter:card\" content=\"summary_large_image\" \/>\n<meta name=\"twitter:label1\" content=\"Dur\u00e9e de lecture estim\u00e9e\" \/>\n\t<meta name=\"twitter:data1\" content=\"6 minutes\" \/>\n<script type=\"application\/ld+json\" class=\"yoast-schema-graph\">{\"@context\":\"https:\/\/schema.org\",\"@graph\":[{\"@type\":\"WebPage\",\"@id\":\"https:\/\/guideribambelle.com\/arrivee-a-sofia\",\"url\":\"https:\/\/guideribambelle.com\/arrivee-a-sofia\",\"name\":\"Arrivee a Sofia - GuideRibambelle\",\"isPartOf\":{\"@id\":\"https:\/\/guideribambelle.com\/fr\/#website\"},\"datePublished\":\"2021-04-04T19:19:52+00:00\",\"dateModified\":\"2025-03-09T22:16:27+00:00\",\"description\":\"A l'arriv\u00e9e \u00e0 Sofia, le voyage n'est pas encore termin\u00e9. Plusieurs possibilit\u00e9s existent pour atteindre la destination finale\",\"breadcrumb\":{\"@id\":\"https:\/\/guideribambelle.com\/arrivee-a-sofia#breadcrumb\"},\"inLanguage\":\"fr-FR\",\"potentialAction\":[{\"@type\":\"ReadAction\",\"target\":[\"https:\/\/guideribambelle.com\/arrivee-a-sofia\"]}]},{\"@type\":\"BreadcrumbList\",\"@id\":\"https:\/\/guideribambelle.com\/arrivee-a-sofia#breadcrumb\",\"itemListElement\":[{\"@type\":\"ListItem\",\"position\":1,\"name\":\"Home\",\"item\":\"https:\/\/guideribambelle.com\/fr\/\"},{\"@type\":\"ListItem\",\"position\":2,\"name\":\"Arrivee a Sofia\"}]},{\"@type\":\"WebSite\",\"@id\":\"https:\/\/guideribambelle.com\/fr\/#website\",\"url\":\"https:\/\/guideribambelle.com\/fr\/\",\"name\":\"GuideRibambelle\",\"description\":\"L&#039;expert de vie pratique en Bulgarie\",\"publisher\":{\"@id\":\"https:\/\/guideribambelle.com\/fr\/#organization\"},\"potentialAction\":[{\"@type\":\"SearchAction\",\"target\":{\"@type\":\"EntryPoint\",\"urlTemplate\":\"https:\/\/guideribambelle.com\/fr\/?s={search_term_string}\"},\"query-input\":\"required name=search_term_string\"}],\"inLanguage\":\"fr-FR\"},{\"@type\":\"Organization\",\"@id\":\"https:\/\/guideribambelle.com\/fr\/#organization\",\"name\":\"GuideRibambelle\",\"url\":\"https:\/\/guideribambelle.com\/fr\/\",\"logo\":{\"@type\":\"ImageObject\",\"inLanguage\":\"fr-FR\",\"@id\":\"https:\/\/guideribambelle.com\/fr\/#\/schema\/logo\/image\/\",\"url\":\"https:\/\/guideribambelle.com\/wp-content\/uploads\/2021\/05\/Ribambelle_logo.png\",\"contentUrl\":\"https:\/\/guideribambelle.com\/wp-content\/uploads\/2021\/05\/Ribambelle_logo.png\",\"width\":385,\"height\":290,\"caption\":\"GuideRibambelle\"},\"image\":{\"@id\":\"https:\/\/guideribambelle.com\/fr\/#\/schema\/logo\/image\/\"}}]}<\/script>\n<!-- \/ Yoast SEO plugin. -->","yoast_head_json":{"title":"Arrivee a Sofia - GuideRibambelle","description":"A l'arriv\u00e9e \u00e0 Sofia, le voyage n'est pas encore termin\u00e9. Plusieurs possibilit\u00e9s existent pour atteindre la destination finale","robots":{"index":"index","follow":"follow","max-snippet":"max-snippet:-1","max-image-preview":"max-image-preview:large","max-video-preview":"max-video-preview:-1"},"canonical":"https:\/\/guideribambelle.com\/fr\/arrivee-a-sofia\/","og_locale":"fr_FR","og_type":"article","og_title":"Arrivee a Sofia - GuideRibambelle","og_description":"A l'arriv\u00e9e \u00e0 Sofia, le voyage n'est pas encore termin\u00e9. Plusieurs possibilit\u00e9s existent pour atteindre la destination finale","og_url":"https:\/\/guideribambelle.com\/fr\/arrivee-a-sofia\/","og_site_name":"GuideRibambelle","article_modified_time":"2025-03-09T22:16:27+00:00","og_image":[{"url":"https:\/\/guideribambelle.com\/wp-content\/uploads\/2021\/05\/sofia-metro-lines-2021-april-300x230.png"}],"twitter_card":"summary_large_image","twitter_misc":{"Dur\u00e9e de lecture estim\u00e9e":"6 minutes"},"schema":{"@context":"https:\/\/schema.org","@graph":[{"@type":"WebPage","@id":"https:\/\/guideribambelle.com\/arrivee-a-sofia","url":"https:\/\/guideribambelle.com\/arrivee-a-sofia","name":"Arrivee a Sofia - GuideRibambelle","isPartOf":{"@id":"https:\/\/guideribambelle.com\/fr\/#website"},"datePublished":"2021-04-04T19:19:52+00:00","dateModified":"2025-03-09T22:16:27+00:00","description":"A l'arriv\u00e9e \u00e0 Sofia, le voyage n'est pas encore termin\u00e9. Plusieurs possibilit\u00e9s existent pour atteindre la destination finale","breadcrumb":{"@id":"https:\/\/guideribambelle.com\/arrivee-a-sofia#breadcrumb"},"inLanguage":"fr-FR","potentialAction":[{"@type":"ReadAction","target":["https:\/\/guideribambelle.com\/arrivee-a-sofia"]}]},{"@type":"BreadcrumbList","@id":"https:\/\/guideribambelle.com\/arrivee-a-sofia#breadcrumb","itemListElement":[{"@type":"ListItem","position":1,"name":"Home","item":"https:\/\/guideribambelle.com\/fr\/"},{"@type":"ListItem","position":2,"name":"Arrivee a Sofia"}]},{"@type":"WebSite","@id":"https:\/\/guideribambelle.com\/fr\/#website","url":"https:\/\/guideribambelle.com\/fr\/","name":"GuideRibambelle","description":"L&#039;expert de vie pratique en Bulgarie","publisher":{"@id":"https:\/\/guideribambelle.com\/fr\/#organization"},"potentialAction":[{"@type":"SearchAction","target":{"@type":"EntryPoint","urlTemplate":"https:\/\/guideribambelle.com\/fr\/?s={search_term_string}"},"query-input":"required name=search_term_string"}],"inLanguage":"fr-FR"},{"@type":"Organization","@id":"https:\/\/guideribambelle.com\/fr\/#organization","name":"GuideRibambelle","url":"https:\/\/guideribambelle.com\/fr\/","logo":{"@type":"ImageObject","inLanguage":"fr-FR","@id":"https:\/\/guideribambelle.com\/fr\/#\/schema\/logo\/image\/","url":"https:\/\/guideribambelle.com\/wp-content\/uploads\/2021\/05\/Ribambelle_logo.png","contentUrl":"https:\/\/guideribambelle.com\/wp-content\/uploads\/2021\/05\/Ribambelle_logo.png","width":385,"height":290,"caption":"GuideRibambelle"},"image":{"@id":"https:\/\/guideribambelle.com\/fr\/#\/schema\/logo\/image\/"}}]}},"uagb_featured_image_src":{"full":false,"thumbnail":false,"medium":false,"medium_large":false,"large":false,"1536x1536":false,"2048x2048":false,"trp-custom-language-flag":false},"uagb_author_info":{"display_name":"labelle3465","author_link":"https:\/\/guideribambelle.com\/fr\/author\/labelle3465"},"uagb_comment_info":0,"uagb_excerpt":"A l&rsquo;a\u00e9roport de Sofia : Bienvenue ! Et maintenant ? A l&rsquo;arriv\u00e9e \u00e0 Sofia, le voyage n&rsquo;est pas encore termin\u00e9. Plusieurs possibilit\u00e9s existent pour atteindre sa destination finale Tu viens d&rsquo;arriver \u00e0 l\u2019a\u00e9roport de Sofia. Bienvenue en Bulgarie ! Que tu atterisses au Terminal 1 (T1) ou Terminal 2 (T2), l&rsquo;espace est minuscule compar\u00e9e \u00e0\u2026","_links":{"self":[{"href":"https:\/\/guideribambelle.com\/fr\/wp-json\/wp\/v2\/pages\/66","targetHints":{"allow":["GET"]}}],"collection":[{"href":"https:\/\/guideribambelle.com\/fr\/wp-json\/wp\/v2\/pages"}],"about":[{"href":"https:\/\/guideribambelle.com\/fr\/wp-json\/wp\/v2\/types\/page"}],"author":[{"embeddable":true,"href":"https:\/\/guideribambelle.com\/fr\/wp-json\/wp\/v2\/users\/1"}],"replies":[{"embeddable":true,"href":"https:\/\/guideribambelle.com\/fr\/wp-json\/wp\/v2\/comments?post=66"}],"version-history":[{"count":12,"href":"https:\/\/guideribambelle.com\/fr\/wp-json\/wp\/v2\/pages\/66\/revisions"}],"predecessor-version":[{"id":439,"href":"https:\/\/guideribambelle.com\/fr\/wp-json\/wp\/v2\/pages\/66\/revisions\/439"}],"wp:attachment":[{"href":"https:\/\/guideribambelle.com\/fr\/wp-json\/wp\/v2\/media?parent=66"}],"curies":[{"name":"wp","href":"https:\/\/api.w.org\/{rel}","templated":true}]}}