{"id":304,"date":"2021-05-11T15:22:30","date_gmt":"2021-05-11T13:22:30","guid":{"rendered":"https:\/\/guideribambelle.com\/?page_id=304"},"modified":"2021-05-11T15:22:30","modified_gmt":"2021-05-11T13:22:30","slug":"contact-guideribambelle","status":"publish","type":"page","link":"https:\/\/guideribambelle.com\/fr\/contact-guideribambelle","title":{"rendered":"Contact"},"content":{"rendered":"<div class=\"wpforms-container wpforms-container-full\" id=\"wpforms-300\"><form id=\"wpforms-form-300\" class=\"wpforms-validate wpforms-form\" data-formid=\"300\" method=\"post\" enctype=\"multipart\/form-data\" action=\"\/fr\/wp-json\/wp\/v2\/pages\/304\" data-token=\"2dbe145ef2bb33479a15d5ee82230c4a\"><div class=\"wpforms-head-container\"><div class=\"wpforms-description\">Des questions ? Des propositions ? Des suggestions ?\r\nJe suis l\u00e0 pour r\u00e9pondre. Restez connect\u00e9 !\r\nR.<\/div><\/div><noscript class=\"wpforms-error-noscript\">Veuillez activer JavaScript dans votre navigateur pour remplir ce formulaire.<\/noscript><div class=\"wpforms-field-container\"><div id=\"wpforms-300-field_1-container\" class=\"wpforms-field wpforms-field-name\" data-field-id=\"1\"><label class=\"wpforms-field-label\" for=\"wpforms-300-field_1\">Name <span class=\"wpforms-required-label\">*<\/span><\/label><input type=\"text\" id=\"wpforms-300-field_1\" class=\"wpforms-field-medium wpforms-field-required\" name=\"wpforms[fields][1]\" required><div class=\"wpforms-field-description\">Pr\u00e9nom ou Nickname<\/div><\/div><div id=\"wpforms-300-field_3-container\" class=\"wpforms-field wpforms-field-text\" data-field-id=\"3\"><label class=\"wpforms-field-label\" for=\"wpforms-300-field_3\">Sujet\/Subject <span class=\"wpforms-required-label\">*<\/span><\/label><input type=\"text\" id=\"wpforms-300-field_3\" class=\"wpforms-field-medium wpforms-field-required wpforms-limit-words-enabled\" data-form-id=\"300\" data-field-id=\"3\" data-text-limit=\"15\" name=\"wpforms[fields][3]\" required><div class=\"wpforms-field-description\">Quel est ton int\u00e9r\u00eat<\/div><\/div><div id=\"wpforms-300-field_4-container\" class=\"wpforms-field wpforms-field-textarea\" data-field-id=\"4\"><label class=\"wpforms-field-label\" for=\"wpforms-300-field_4\">Description <span class=\"wpforms-required-label\">*<\/span><\/label><textarea id=\"wpforms-300-field_4\" class=\"wpforms-field-medium wpforms-field-required wpforms-limit-words-enabled\" data-form-id=\"300\" data-field-id=\"4\" data-text-limit=\"300\" name=\"wpforms[fields][4]\" required><\/textarea><div class=\"wpforms-field-description\">D\u00e9crire ta question\/proposition<\/div><\/div><div id=\"wpforms-300-field_5-container\" class=\"wpforms-field wpforms-field-email\" data-field-id=\"5\"><label class=\"wpforms-field-label\" for=\"wpforms-300-field_5\">Email<\/label><input type=\"email\" id=\"wpforms-300-field_5\" class=\"wpforms-field-medium\" name=\"wpforms[fields][5]\" ><div class=\"wpforms-field-description\">Pour rester en contact<\/div><\/div><\/div><div class=\"wpforms-submit-container\"><input type=\"hidden\" name=\"wpforms[id]\" value=\"300\"><input type=\"hidden\" name=\"wpforms[author]\" value=\"1\"><button type=\"submit\" name=\"wpforms[submit]\" id=\"wpforms-submit-300\" class=\"wpforms-submit\" data-alt-text=\"Sending...\" data-submit-text=\"Submit\" aria-live=\"assertive\" value=\"wpforms-submit\">Submit<\/button><\/div><\/form><\/div>  <!-- .wpforms-container -->\n","protected":false},"excerpt":{"rendered":"","protected":false},"author":1,"featured_media":0,"parent":0,"menu_order":0,"comment_status":"closed","ping_status":"closed","template":"","meta":{"_uag_custom_page_level_css":"","site-sidebar-layout":"default","site-content-layout":"default","ast-global-header-display":"","ast-main-header-display":"","ast-hfb-above-header-display":"","ast-hfb-below-header-display":"","ast-hfb-mobile-header-display":"","site-post-title":"","ast-breadcrumbs-content":"","ast-featured-img":"","footer-sml-layout":"","theme-transparent-header-meta":"default","adv-header-id-meta":"","stick-header-meta":"","header-above-stick-meta":"","header-main-stick-meta":"","header-below-stick-meta":"","footnotes":""},"class_list":["post-304","page","type-page","status-publish","hentry"],"yoast_head":"<!-- This site is optimized with the Yoast SEO plugin v20.1 - https:\/\/yoast.com\/wordpress\/plugins\/seo\/ -->\n<title>Contact - GuideRibambelle<\/title>\n<meta name=\"description\" content=\"Questions ? Propositions ? Suggestions ? Remplissez le formulaire pour trouver ce qui vous int\u00e9resse sur les pages de votre guide bulgare\" \/>\n<meta name=\"robots\" content=\"index, follow, max-snippet:-1, max-image-preview:large, max-video-preview:-1\" \/>\n<link rel=\"canonical\" href=\"https:\/\/guideribambelle.com\/fr\/contact-guideribambelle\" \/>\n<meta property=\"og:locale\" content=\"fr_FR\" \/>\n<meta property=\"og:type\" content=\"article\" \/>\n<meta property=\"og:title\" content=\"Contact - GuideRibambelle\" \/>\n<meta property=\"og:description\" content=\"Questions ? Propositions ? Suggestions ? Remplissez le formulaire pour trouver ce qui vous int\u00e9resse sur les pages de votre guide bulgare\" \/>\n<meta property=\"og:url\" content=\"https:\/\/guideribambelle.com\/fr\/contact-guideribambelle\" \/>\n<meta property=\"og:site_name\" content=\"GuideRibambelle\" \/>\n<meta name=\"twitter:card\" content=\"summary_large_image\" \/>\n<meta name=\"twitter:label1\" content=\"Dur\u00e9e de lecture estim\u00e9e\" \/>\n\t<meta name=\"twitter:data1\" content=\"1 minute\" \/>\n<script type=\"application\/ld+json\" class=\"yoast-schema-graph\">{\"@context\":\"https:\/\/schema.org\",\"@graph\":[{\"@type\":\"WebPage\",\"@id\":\"https:\/\/guideribambelle.com\/fr\/contact-guideribambelle\",\"url\":\"https:\/\/guideribambelle.com\/fr\/contact-guideribambelle\",\"name\":\"Contact - GuideRibambelle\",\"isPartOf\":{\"@id\":\"https:\/\/guideribambelle.com\/fr\/#website\"},\"datePublished\":\"2021-05-11T13:22:30+00:00\",\"dateModified\":\"2021-05-11T13:22:30+00:00\",\"description\":\"Questions ? Propositions ? Suggestions ? Remplissez le formulaire pour trouver ce qui vous int\u00e9resse sur les pages de votre guide bulgare\",\"breadcrumb\":{\"@id\":\"https:\/\/guideribambelle.com\/fr\/contact-guideribambelle#breadcrumb\"},\"inLanguage\":\"fr-FR\",\"potentialAction\":[{\"@type\":\"ReadAction\",\"target\":[\"https:\/\/guideribambelle.com\/fr\/contact-guideribambelle\"]}]},{\"@type\":\"BreadcrumbList\",\"@id\":\"https:\/\/guideribambelle.com\/fr\/contact-guideribambelle#breadcrumb\",\"itemListElement\":[{\"@type\":\"ListItem\",\"position\":1,\"name\":\"Home\",\"item\":\"https:\/\/guideribambelle.com\/fr\/\"},{\"@type\":\"ListItem\",\"position\":2,\"name\":\"Contact\"}]},{\"@type\":\"WebSite\",\"@id\":\"https:\/\/guideribambelle.com\/fr\/#website\",\"url\":\"https:\/\/guideribambelle.com\/fr\/\",\"name\":\"GuideRibambelle\",\"description\":\"L&#039;expert de vie pratique en Bulgarie\",\"publisher\":{\"@id\":\"https:\/\/guideribambelle.com\/fr\/#organization\"},\"potentialAction\":[{\"@type\":\"SearchAction\",\"target\":{\"@type\":\"EntryPoint\",\"urlTemplate\":\"https:\/\/guideribambelle.com\/fr\/?s={search_term_string}\"},\"query-input\":\"required name=search_term_string\"}],\"inLanguage\":\"fr-FR\"},{\"@type\":\"Organization\",\"@id\":\"https:\/\/guideribambelle.com\/fr\/#organization\",\"name\":\"GuideRibambelle\",\"url\":\"https:\/\/guideribambelle.com\/fr\/\",\"logo\":{\"@type\":\"ImageObject\",\"inLanguage\":\"fr-FR\",\"@id\":\"https:\/\/guideribambelle.com\/fr\/#\/schema\/logo\/image\/\",\"url\":\"https:\/\/guideribambelle.com\/wp-content\/uploads\/2021\/05\/Ribambelle_logo.png\",\"contentUrl\":\"https:\/\/guideribambelle.com\/wp-content\/uploads\/2021\/05\/Ribambelle_logo.png\",\"width\":385,\"height\":290,\"caption\":\"GuideRibambelle\"},\"image\":{\"@id\":\"https:\/\/guideribambelle.com\/fr\/#\/schema\/logo\/image\/\"}}]}<\/script>\n<!-- \/ Yoast SEO plugin. -->","yoast_head_json":{"title":"Contact - GuideRibambelle","description":"Questions ? Propositions ? Suggestions ? Remplissez le formulaire pour trouver ce qui vous int\u00e9resse sur les pages de votre guide bulgare","robots":{"index":"index","follow":"follow","max-snippet":"max-snippet:-1","max-image-preview":"max-image-preview:large","max-video-preview":"max-video-preview:-1"},"canonical":"https:\/\/guideribambelle.com\/fr\/contact-guideribambelle","og_locale":"fr_FR","og_type":"article","og_title":"Contact - GuideRibambelle","og_description":"Questions ? Propositions ? Suggestions ? Remplissez le formulaire pour trouver ce qui vous int\u00e9resse sur les pages de votre guide bulgare","og_url":"https:\/\/guideribambelle.com\/fr\/contact-guideribambelle","og_site_name":"GuideRibambelle","twitter_card":"summary_large_image","twitter_misc":{"Dur\u00e9e de lecture estim\u00e9e":"1 minute"},"schema":{"@context":"https:\/\/schema.org","@graph":[{"@type":"WebPage","@id":"https:\/\/guideribambelle.com\/fr\/contact-guideribambelle","url":"https:\/\/guideribambelle.com\/fr\/contact-guideribambelle","name":"Contact - GuideRibambelle","isPartOf":{"@id":"https:\/\/guideribambelle.com\/fr\/#website"},"datePublished":"2021-05-11T13:22:30+00:00","dateModified":"2021-05-11T13:22:30+00:00","description":"Questions ? Propositions ? Suggestions ? Remplissez le formulaire pour trouver ce qui vous int\u00e9resse sur les pages de votre guide bulgare","breadcrumb":{"@id":"https:\/\/guideribambelle.com\/fr\/contact-guideribambelle#breadcrumb"},"inLanguage":"fr-FR","potentialAction":[{"@type":"ReadAction","target":["https:\/\/guideribambelle.com\/fr\/contact-guideribambelle"]}]},{"@type":"BreadcrumbList","@id":"https:\/\/guideribambelle.com\/fr\/contact-guideribambelle#breadcrumb","itemListElement":[{"@type":"ListItem","position":1,"name":"Home","item":"https:\/\/guideribambelle.com\/fr\/"},{"@type":"ListItem","position":2,"name":"Contact"}]},{"@type":"WebSite","@id":"https:\/\/guideribambelle.com\/fr\/#website","url":"https:\/\/guideribambelle.com\/fr\/","name":"GuideRibambelle","description":"L&#039;expert de vie pratique en Bulgarie","publisher":{"@id":"https:\/\/guideribambelle.com\/fr\/#organization"},"potentialAction":[{"@type":"SearchAction","target":{"@type":"EntryPoint","urlTemplate":"https:\/\/guideribambelle.com\/fr\/?s={search_term_string}"},"query-input":"required name=search_term_string"}],"inLanguage":"fr-FR"},{"@type":"Organization","@id":"https:\/\/guideribambelle.com\/fr\/#organization","name":"GuideRibambelle","url":"https:\/\/guideribambelle.com\/fr\/","logo":{"@type":"ImageObject","inLanguage":"fr-FR","@id":"https:\/\/guideribambelle.com\/fr\/#\/schema\/logo\/image\/","url":"https:\/\/guideribambelle.com\/wp-content\/uploads\/2021\/05\/Ribambelle_logo.png","contentUrl":"https:\/\/guideribambelle.com\/wp-content\/uploads\/2021\/05\/Ribambelle_logo.png","width":385,"height":290,"caption":"GuideRibambelle"},"image":{"@id":"https:\/\/guideribambelle.com\/fr\/#\/schema\/logo\/image\/"}}]}},"uagb_featured_image_src":{"full":false,"thumbnail":false,"medium":false,"medium_large":false,"large":false,"1536x1536":false,"2048x2048":false,"trp-custom-language-flag":false},"uagb_author_info":{"display_name":"labelle3465","author_link":"https:\/\/guideribambelle.com\/fr\/author\/labelle3465"},"uagb_comment_info":0,"uagb_excerpt":null,"_links":{"self":[{"href":"https:\/\/guideribambelle.com\/fr\/wp-json\/wp\/v2\/pages\/304","targetHints":{"allow":["GET"]}}],"collection":[{"href":"https:\/\/guideribambelle.com\/fr\/wp-json\/wp\/v2\/pages"}],"about":[{"href":"https:\/\/guideribambelle.com\/fr\/wp-json\/wp\/v2\/types\/page"}],"author":[{"embeddable":true,"href":"https:\/\/guideribambelle.com\/fr\/wp-json\/wp\/v2\/users\/1"}],"replies":[{"embeddable":true,"href":"https:\/\/guideribambelle.com\/fr\/wp-json\/wp\/v2\/comments?post=304"}],"version-history":[{"count":3,"href":"https:\/\/guideribambelle.com\/fr\/wp-json\/wp\/v2\/pages\/304\/revisions"}],"predecessor-version":[{"id":350,"href":"https:\/\/guideribambelle.com\/fr\/wp-json\/wp\/v2\/pages\/304\/revisions\/350"}],"wp:attachment":[{"href":"https:\/\/guideribambelle.com\/fr\/wp-json\/wp\/v2\/media?parent=304"}],"curies":[{"name":"wp","href":"https:\/\/api.w.org\/{rel}","templated":true}]}}