{"id":2,"date":"2021-04-01T11:49:46","date_gmt":"2021-04-01T11:49:46","guid":{"rendered":"https:\/\/guideribambelle.com\/?page_id=2"},"modified":"2021-11-22T09:56:32","modified_gmt":"2021-11-22T08:56:32","slug":"hello","status":"publish","type":"page","link":"https:\/\/guideribambelle.com\/en\/hello","title":{"rendered":"Hello"},"content":{"rendered":"<p><span style=\"font-family: georgia, palatino, serif;\"><\/span><\/p>\r\n<div class=\"wp-block-group alignfull\"><div class=\"wp-block-group__inner-container\">\r\n<h1 class=\"wp-block-group__inner-container is-layout-flow wp-block-group-is-layout-flow\"><span style=\"font-family: georgia, palatino, serif;\">The guide Ribambelle and the Beautiful Bulgaria<\/span><\/h1>\r\n<h2 class=\"wp-block-heading\">\u00a0<\/h2>\r\n<h2><span style=\"font-family: georgia, palatino, serif;\">Pr\u00e9parez votre s\u00e9jour en Bulgarie avec le guide La belle Bulgarie. Explorez le pays d&rsquo;une mani\u00e8re in\u00e9dite \u00e0 travers les yeux d&rsquo;un natif<\/span><\/h2>\r\n<h1 class=\"wp-block-group__inner-container\"><span style=\"font-family: georgia, palatino, serif;\">\r\n\r\n<style>.wp-block-kadence-advancedheading.kt-adv-heading_6d72e0-48, .wp-block-kadence-advancedheading.kt-adv-heading_6d72e0-48[data-kb-block=\"kb-adv-heading_6d72e0-48\"]{font-style:normal;}.wp-block-kadence-advancedheading.kt-adv-heading_6d72e0-48 mark, .wp-block-kadence-advancedheading.kt-adv-heading_6d72e0-48[data-kb-block=\"kb-adv-heading_6d72e0-48\"] mark{font-style:normal;color:#f76a0c;padding-top:0px;padding-right:0px;padding-bottom:0px;padding-left:0px;}<\/style><\/span><\/h1>\r\n<h2 data-kb-block=\"kb-adv-heading_6d72e0-48\">\u00a0<\/h2>\r\n<p class=\"kt-adv-heading_6d72e0-48 wp-block-kadence-advancedheading\" data-kb-block=\"kb-adv-heading_6d72e0-48\"><span style=\"font-family: georgia, palatino, serif;\">Hello and pleased to meet you!<\/span><\/p>\r\n<h1 class=\"wp-block-group__inner-container\"><span style=\"font-family: georgia, palatino, serif;\">\r\n\r\n<\/span><\/h1>\r\n<p><span style=\"font-family: georgia, palatino, serif;\">My name is Ribambelle an I shall be your bulgarian guide. <\/span><\/p>\r\n<p><span style=\"font-family: georgia, palatino, serif;\">In the pages of this site, you will find a particular point of view on Bulgaria - mine. Only services and informations verified.<\/span><\/p>\r\n<p><span style=\"font-family: georgia, palatino, serif;\">If you have come for a week-and or to spend your vacations, to study, on a professional trip or you are an expatriated - I am here to help you discover or rediscover your destination - my home counrty.<\/span><\/p>\r\n<h1 class=\"wp-block-group__inner-container\"><span style=\"font-family: georgia, palatino, serif;\">\r\n\r\n<\/span><\/h1>\r\n<p><span style=\"font-family: georgia, palatino, serif;\">I also have been once in your place : I was arrived in an unknown country with many questionsin my head, problems to solve, impressions to share... My purpose is to give you all the necessary for a peaceful stay.<\/span><\/p>\r\n<h1 class=\"wp-block-group__inner-container\"><span style=\"font-family: georgia, palatino, serif;\">\r\n\r\n<\/span><\/h1>\r\n<p><span style=\"font-family: georgia, palatino, serif;\">Surtout ne t\u2019inqui\u00e8tes pas ! Je ne serai pas loin si tu as des questions particuli\u00e8res, des remarques, des suggestions. <a href=\"https:\/\/guideribambelle.com\/en\/\">Contact me!<\/a><\/span><\/p>\r\n<p><span style=\"font-family: georgia, palatino, serif;\">See you soon!<\/span><\/p>\r\n<h1 class=\"wp-block-group__inner-container\"><span style=\"font-family: georgia, palatino, serif;\"><\/span><\/h1>\r\n<\/div><\/div>\r\n<p><span style=\"font-family: georgia, palatino, serif;\">\r\n\r\n<\/span><\/p>\r\n<p><span style=\"font-family: georgia, palatino, serif;\">R.<\/span><\/p>\r\n<p><span style=\"font-family: georgia, palatino, serif;\"><\/span><\/p>","protected":false},"excerpt":{"rendered":"<p>Le guide Ribambelle et la belle Bulgarie \u00a0 Pr\u00e9parez votre s\u00e9jour en Bulgarie avec le guide La belle Bulgarie. Explorez le pays d&rsquo;une mani\u00e8re in\u00e9dite \u00e0 travers les yeux d&rsquo;un natif \u00a0 Salut et enchant\u00e9e ! Je m\u2019appelle Ribambelle et je serai ton guide bulgare. Dans les pages du site, tu vas trouver un point &hellip;<\/p>\n<p class=\"read-more\"> <a class=\"\" href=\"https:\/\/guideribambelle.com\/en\/hello\"> <span class=\"screen-reader-text\">Hello<\/span> Read More &raquo;<\/a><\/p>","protected":false},"author":1,"featured_media":0,"parent":0,"menu_order":0,"comment_status":"closed","ping_status":"open","template":"","meta":{"_uag_custom_page_level_css":"","site-sidebar-layout":"default","site-content-layout":"default","ast-global-header-display":"","ast-main-header-display":"","ast-hfb-above-header-display":"","ast-hfb-below-header-display":"","ast-hfb-mobile-header-display":"","site-post-title":"","ast-breadcrumbs-content":"","ast-featured-img":"","footer-sml-layout":"","theme-transparent-header-meta":"default","adv-header-id-meta":"","stick-header-meta":"","header-above-stick-meta":"","header-main-stick-meta":"","header-below-stick-meta":"","footnotes":""},"class_list":["post-2","page","type-page","status-publish","hentry"],"yoast_head":"<!-- This site is optimized with the Yoast SEO plugin v20.1 - https:\/\/yoast.com\/wordpress\/plugins\/seo\/ -->\n<title>Hello - GuideRibambelle<\/title>\n<meta name=\"description\" content=\"Pr\u00e9parez votre s\u00e9jour en Bulgarie avec le guide La belle Bulgarie. Explorez le pays d&#039;une mani\u00e8re in\u00e9dite \u00e0 travers les yeux d&#039;un natif\" \/>\n<meta name=\"robots\" content=\"index, follow, max-snippet:-1, max-image-preview:large, max-video-preview:-1\" \/>\n<link rel=\"canonical\" href=\"https:\/\/guideribambelle.com\/en\/hello\/\" \/>\n<meta property=\"og:locale\" content=\"en_US\" \/>\n<meta property=\"og:type\" content=\"article\" \/>\n<meta property=\"og:title\" content=\"Hello - GuideRibambelle\" \/>\n<meta property=\"og:description\" content=\"Pr\u00e9parez votre s\u00e9jour en Bulgarie avec le guide La belle Bulgarie. Explorez le pays d&#039;une mani\u00e8re in\u00e9dite \u00e0 travers les yeux d&#039;un natif\" \/>\n<meta property=\"og:url\" content=\"https:\/\/guideribambelle.com\/en\/hello\/\" \/>\n<meta property=\"og:site_name\" content=\"GuideRibambelle\" \/>\n<meta property=\"article:modified_time\" content=\"2021-11-22T08:56:32+00:00\" \/>\n<meta name=\"twitter:card\" content=\"summary_large_image\" \/>\n<meta name=\"twitter:label1\" content=\"Est. reading time\" \/>\n\t<meta name=\"twitter:data1\" content=\"1 minute\" \/>\n<script type=\"application\/ld+json\" class=\"yoast-schema-graph\">{\"@context\":\"https:\/\/schema.org\",\"@graph\":[{\"@type\":\"WebPage\",\"@id\":\"https:\/\/guideribambelle.com\/hello\",\"url\":\"https:\/\/guideribambelle.com\/hello\",\"name\":\"Hello - GuideRibambelle\",\"isPartOf\":{\"@id\":\"https:\/\/guideribambelle.com\/fr\/#website\"},\"datePublished\":\"2021-04-01T11:49:46+00:00\",\"dateModified\":\"2021-11-22T08:56:32+00:00\",\"description\":\"Pr\u00e9parez votre s\u00e9jour en Bulgarie avec le guide La belle Bulgarie. Explorez le pays d'une mani\u00e8re in\u00e9dite \u00e0 travers les yeux d'un natif\",\"breadcrumb\":{\"@id\":\"https:\/\/guideribambelle.com\/hello#breadcrumb\"},\"inLanguage\":\"en-US\",\"potentialAction\":[{\"@type\":\"ReadAction\",\"target\":[\"https:\/\/guideribambelle.com\/hello\"]}]},{\"@type\":\"BreadcrumbList\",\"@id\":\"https:\/\/guideribambelle.com\/hello#breadcrumb\",\"itemListElement\":[{\"@type\":\"ListItem\",\"position\":1,\"name\":\"Home\",\"item\":\"https:\/\/guideribambelle.com\/fr\/\"},{\"@type\":\"ListItem\",\"position\":2,\"name\":\"Hello\"}]},{\"@type\":\"WebSite\",\"@id\":\"https:\/\/guideribambelle.com\/fr\/#website\",\"url\":\"https:\/\/guideribambelle.com\/fr\/\",\"name\":\"GuideRibambelle\",\"description\":\"L&#039;expert de vie pratique en Bulgarie\",\"publisher\":{\"@id\":\"https:\/\/guideribambelle.com\/fr\/#organization\"},\"potentialAction\":[{\"@type\":\"SearchAction\",\"target\":{\"@type\":\"EntryPoint\",\"urlTemplate\":\"https:\/\/guideribambelle.com\/fr\/?s={search_term_string}\"},\"query-input\":\"required name=search_term_string\"}],\"inLanguage\":\"en-US\"},{\"@type\":\"Organization\",\"@id\":\"https:\/\/guideribambelle.com\/fr\/#organization\",\"name\":\"GuideRibambelle\",\"url\":\"https:\/\/guideribambelle.com\/fr\/\",\"logo\":{\"@type\":\"ImageObject\",\"inLanguage\":\"en-US\",\"@id\":\"https:\/\/guideribambelle.com\/fr\/#\/schema\/logo\/image\/\",\"url\":\"https:\/\/guideribambelle.com\/wp-content\/uploads\/2021\/05\/Ribambelle_logo.png\",\"contentUrl\":\"https:\/\/guideribambelle.com\/wp-content\/uploads\/2021\/05\/Ribambelle_logo.png\",\"width\":385,\"height\":290,\"caption\":\"GuideRibambelle\"},\"image\":{\"@id\":\"https:\/\/guideribambelle.com\/fr\/#\/schema\/logo\/image\/\"}}]}<\/script>\n<!-- \/ Yoast SEO plugin. -->","yoast_head_json":{"title":"Hello - GuideRibambelle","description":"Pr\u00e9parez votre s\u00e9jour en Bulgarie avec le guide La belle Bulgarie. Explorez le pays d'une mani\u00e8re in\u00e9dite \u00e0 travers les yeux d'un natif","robots":{"index":"index","follow":"follow","max-snippet":"max-snippet:-1","max-image-preview":"max-image-preview:large","max-video-preview":"max-video-preview:-1"},"canonical":"https:\/\/guideribambelle.com\/en\/hello\/","og_locale":"en_US","og_type":"article","og_title":"Hello - GuideRibambelle","og_description":"Pr\u00e9parez votre s\u00e9jour en Bulgarie avec le guide La belle Bulgarie. Explorez le pays d'une mani\u00e8re in\u00e9dite \u00e0 travers les yeux d'un natif","og_url":"https:\/\/guideribambelle.com\/en\/hello\/","og_site_name":"GuideRibambelle","article_modified_time":"2021-11-22T08:56:32+00:00","twitter_card":"summary_large_image","twitter_misc":{"Est. reading time":"1 minute"},"schema":{"@context":"https:\/\/schema.org","@graph":[{"@type":"WebPage","@id":"https:\/\/guideribambelle.com\/hello","url":"https:\/\/guideribambelle.com\/hello","name":"Hello - GuideRibambelle","isPartOf":{"@id":"https:\/\/guideribambelle.com\/fr\/#website"},"datePublished":"2021-04-01T11:49:46+00:00","dateModified":"2021-11-22T08:56:32+00:00","description":"Pr\u00e9parez votre s\u00e9jour en Bulgarie avec le guide La belle Bulgarie. Explorez le pays d'une mani\u00e8re in\u00e9dite \u00e0 travers les yeux d'un natif","breadcrumb":{"@id":"https:\/\/guideribambelle.com\/hello#breadcrumb"},"inLanguage":"en-US","potentialAction":[{"@type":"ReadAction","target":["https:\/\/guideribambelle.com\/hello"]}]},{"@type":"BreadcrumbList","@id":"https:\/\/guideribambelle.com\/hello#breadcrumb","itemListElement":[{"@type":"ListItem","position":1,"name":"Home","item":"https:\/\/guideribambelle.com\/fr\/"},{"@type":"ListItem","position":2,"name":"Hello"}]},{"@type":"WebSite","@id":"https:\/\/guideribambelle.com\/fr\/#website","url":"https:\/\/guideribambelle.com\/fr\/","name":"GuideRibambelle","description":"L&#039;expert de vie pratique en Bulgarie","publisher":{"@id":"https:\/\/guideribambelle.com\/fr\/#organization"},"potentialAction":[{"@type":"SearchAction","target":{"@type":"EntryPoint","urlTemplate":"https:\/\/guideribambelle.com\/fr\/?s={search_term_string}"},"query-input":"required name=search_term_string"}],"inLanguage":"en-US"},{"@type":"Organization","@id":"https:\/\/guideribambelle.com\/fr\/#organization","name":"GuideRibambelle","url":"https:\/\/guideribambelle.com\/fr\/","logo":{"@type":"ImageObject","inLanguage":"en-US","@id":"https:\/\/guideribambelle.com\/fr\/#\/schema\/logo\/image\/","url":"https:\/\/guideribambelle.com\/wp-content\/uploads\/2021\/05\/Ribambelle_logo.png","contentUrl":"https:\/\/guideribambelle.com\/wp-content\/uploads\/2021\/05\/Ribambelle_logo.png","width":385,"height":290,"caption":"GuideRibambelle"},"image":{"@id":"https:\/\/guideribambelle.com\/fr\/#\/schema\/logo\/image\/"}}]}},"uagb_featured_image_src":{"full":false,"thumbnail":false,"medium":false,"medium_large":false,"large":false,"1536x1536":false,"2048x2048":false,"trp-custom-language-flag":false},"uagb_author_info":{"display_name":"labelle3465","author_link":"https:\/\/guideribambelle.com\/en\/author\/labelle3465"},"uagb_comment_info":0,"uagb_excerpt":"Le guide Ribambelle et la belle Bulgarie \u00a0 Pr\u00e9parez votre s\u00e9jour en Bulgarie avec le guide La belle Bulgarie. Explorez le pays d&rsquo;une mani\u00e8re in\u00e9dite \u00e0 travers les yeux d&rsquo;un natif \u00a0 Salut et enchant\u00e9e ! Je m\u2019appelle Ribambelle et je serai ton guide bulgare. Dans les pages du site, tu vas trouver un point&hellip;","_links":{"self":[{"href":"https:\/\/guideribambelle.com\/en\/wp-json\/wp\/v2\/pages\/2","targetHints":{"allow":["GET"]}}],"collection":[{"href":"https:\/\/guideribambelle.com\/en\/wp-json\/wp\/v2\/pages"}],"about":[{"href":"https:\/\/guideribambelle.com\/en\/wp-json\/wp\/v2\/types\/page"}],"author":[{"embeddable":true,"href":"https:\/\/guideribambelle.com\/en\/wp-json\/wp\/v2\/users\/1"}],"replies":[{"embeddable":true,"href":"https:\/\/guideribambelle.com\/en\/wp-json\/wp\/v2\/comments?post=2"}],"version-history":[{"count":11,"href":"https:\/\/guideribambelle.com\/en\/wp-json\/wp\/v2\/pages\/2\/revisions"}],"predecessor-version":[{"id":409,"href":"https:\/\/guideribambelle.com\/en\/wp-json\/wp\/v2\/pages\/2\/revisions\/409"}],"wp:attachment":[{"href":"https:\/\/guideribambelle.com\/en\/wp-json\/wp\/v2\/media?parent=2"}],"curies":[{"name":"wp","href":"https:\/\/api.w.org\/{rel}","templated":true}]}}